{"id":213654,"date":"2024-02-15T14:45:24","date_gmt":"2024-02-15T13:45:24","guid":{"rendered":"https:\/\/fundacionexe.org.co\/eventos\/ubicaciones\/"},"modified":"2024-02-15T14:45:24","modified_gmt":"2024-02-15T13:45:24","slug":"ubicaciones","status":"publish","type":"page","link":"https:\/\/www.fundacionexe.org.co\/en\/eventos\/ubicaciones\/","title":{"rendered":"Ubicaciones"},"content":{"rendered":"CONTENTS","protected":false},"excerpt":{"rendered":"CONTENTS","protected":false},"author":1,"featured_media":0,"parent":213653,"menu_order":0,"comment_status":"closed","ping_status":"closed","template":"","meta":{"footnotes":""},"class_list":["post-213654","page","type-page","status-publish","hentry"],"yoast_head":"<!-- This site is optimized with the Yoast SEO plugin v27.5 - https:\/\/yoast.com\/product\/yoast-seo-wordpress\/ -->\n<title>Ubicaciones - Fundaci\u00f3n Empresarios por la Educaci\u00f3n FExE<\/title>\n<meta name=\"robots\" content=\"index, follow, max-snippet:-1, max-image-preview:large, max-video-preview:-1\" \/>\n<link rel=\"canonical\" href=\"https:\/\/www.fundacionexe.org.co\/en\/eventos\/ubicaciones\/\" \/>\n<meta property=\"og:locale\" content=\"en_US\" \/>\n<meta property=\"og:type\" content=\"article\" \/>\n<meta property=\"og:title\" content=\"Ubicaciones - Fundaci\u00f3n Empresarios por la Educaci\u00f3n FExE\" \/>\n<meta property=\"og:description\" content=\"CONTENTS\" \/>\n<meta property=\"og:url\" content=\"https:\/\/www.fundacionexe.org.co\/en\/eventos\/ubicaciones\/\" \/>\n<meta property=\"og:site_name\" content=\"Fundaci\u00f3n Empresarios por la Educaci\u00f3n FExE\" \/>\n<meta name=\"twitter:card\" content=\"summary_large_image\" \/>\n<script type=\"application\/ld+json\" class=\"yoast-schema-graph\">{\"@context\":\"https:\\\/\\\/schema.org\",\"@graph\":[{\"@type\":\"WebPage\",\"@id\":\"https:\\\/\\\/www.fundacionexe.org.co\\\/en\\\/eventos\\\/ubicaciones\\\/\",\"url\":\"https:\\\/\\\/www.fundacionexe.org.co\\\/en\\\/eventos\\\/ubicaciones\\\/\",\"name\":\"Ubicaciones - Fundaci\u00f3n Empresarios por la Educaci\u00f3n FExE\",\"isPartOf\":{\"@id\":\"https:\\\/\\\/fundacionexe.org.co\\\/#website\"},\"datePublished\":\"2024-02-15T13:45:24+00:00\",\"breadcrumb\":{\"@id\":\"https:\\\/\\\/www.fundacionexe.org.co\\\/en\\\/eventos\\\/ubicaciones\\\/#breadcrumb\"},\"inLanguage\":\"en-US\",\"potentialAction\":[{\"@type\":\"ReadAction\",\"target\":[\"https:\\\/\\\/www.fundacionexe.org.co\\\/en\\\/eventos\\\/ubicaciones\\\/\"]}]},{\"@type\":\"BreadcrumbList\",\"@id\":\"https:\\\/\\\/www.fundacionexe.org.co\\\/en\\\/eventos\\\/ubicaciones\\\/#breadcrumb\",\"itemListElement\":[{\"@type\":\"ListItem\",\"position\":1,\"name\":\"Portada\",\"item\":\"https:\\\/\\\/www.fundacionexe.org.co\\\/en\\\/\"},{\"@type\":\"ListItem\",\"position\":2,\"name\":\"Eventos\",\"item\":\"https:\\\/\\\/www.fundacionexe.org.co\\\/en\\\/eventos\\\/\"},{\"@type\":\"ListItem\",\"position\":3,\"name\":\"Ubicaciones\"}]},{\"@type\":\"WebSite\",\"@id\":\"https:\\\/\\\/fundacionexe.org.co\\\/#website\",\"url\":\"https:\\\/\\\/fundacionexe.org.co\\\/\",\"name\":\"Fundaci\u00f3n Empresarios por la Educaci\u00f3n FExE\",\"description\":\"Red de conocimiento independiente. Sumamos con informaci\u00f3n y evidencia para que Colombia d\u00e9 un salto en educaci\u00f3n de calidad.\",\"potentialAction\":[{\"@type\":\"SearchAction\",\"target\":{\"@type\":\"EntryPoint\",\"urlTemplate\":\"https:\\\/\\\/fundacionexe.org.co\\\/?s={search_term_string}\"},\"query-input\":{\"@type\":\"PropertyValueSpecification\",\"valueRequired\":true,\"valueName\":\"search_term_string\"}}],\"inLanguage\":\"en-US\"}]}<\/script>\n<!-- \/ Yoast SEO plugin. -->","yoast_head_json":{"title":"Ubicaciones - Fundaci\u00f3n Empresarios por la Educaci\u00f3n FExE","robots":{"index":"index","follow":"follow","max-snippet":"max-snippet:-1","max-image-preview":"max-image-preview:large","max-video-preview":"max-video-preview:-1"},"canonical":"https:\/\/www.fundacionexe.org.co\/en\/eventos\/ubicaciones\/","og_locale":"en_US","og_type":"article","og_title":"Ubicaciones - Fundaci\u00f3n Empresarios por la Educaci\u00f3n FExE","og_description":"CONTENTS","og_url":"https:\/\/www.fundacionexe.org.co\/en\/eventos\/ubicaciones\/","og_site_name":"Fundaci\u00f3n Empresarios por la Educaci\u00f3n FExE","twitter_card":"summary_large_image","schema":{"@context":"https:\/\/schema.org","@graph":[{"@type":"WebPage","@id":"https:\/\/www.fundacionexe.org.co\/en\/eventos\/ubicaciones\/","url":"https:\/\/www.fundacionexe.org.co\/en\/eventos\/ubicaciones\/","name":"Ubicaciones - Fundaci\u00f3n Empresarios por la Educaci\u00f3n FExE","isPartOf":{"@id":"https:\/\/fundacionexe.org.co\/#website"},"datePublished":"2024-02-15T13:45:24+00:00","breadcrumb":{"@id":"https:\/\/www.fundacionexe.org.co\/en\/eventos\/ubicaciones\/#breadcrumb"},"inLanguage":"en-US","potentialAction":[{"@type":"ReadAction","target":["https:\/\/www.fundacionexe.org.co\/en\/eventos\/ubicaciones\/"]}]},{"@type":"BreadcrumbList","@id":"https:\/\/www.fundacionexe.org.co\/en\/eventos\/ubicaciones\/#breadcrumb","itemListElement":[{"@type":"ListItem","position":1,"name":"Portada","item":"https:\/\/www.fundacionexe.org.co\/en\/"},{"@type":"ListItem","position":2,"name":"Eventos","item":"https:\/\/www.fundacionexe.org.co\/en\/eventos\/"},{"@type":"ListItem","position":3,"name":"Ubicaciones"}]},{"@type":"WebSite","@id":"https:\/\/fundacionexe.org.co\/#website","url":"https:\/\/fundacionexe.org.co\/","name":"Fundaci\u00f3n Empresarios por la Educaci\u00f3n FExE","description":"Red de conocimiento independiente. Sumamos con informaci\u00f3n y evidencia para que Colombia d\u00e9 un salto en educaci\u00f3n de calidad.","potentialAction":[{"@type":"SearchAction","target":{"@type":"EntryPoint","urlTemplate":"https:\/\/fundacionexe.org.co\/?s={search_term_string}"},"query-input":{"@type":"PropertyValueSpecification","valueRequired":true,"valueName":"search_term_string"}}],"inLanguage":"en-US"}]}},"_links":{"self":[{"href":"https:\/\/www.fundacionexe.org.co\/en\/wp-json\/wp\/v2\/pages\/213654","targetHints":{"allow":["GET"]}}],"collection":[{"href":"https:\/\/www.fundacionexe.org.co\/en\/wp-json\/wp\/v2\/pages"}],"about":[{"href":"https:\/\/www.fundacionexe.org.co\/en\/wp-json\/wp\/v2\/types\/page"}],"author":[{"embeddable":true,"href":"https:\/\/www.fundacionexe.org.co\/en\/wp-json\/wp\/v2\/users\/1"}],"replies":[{"embeddable":true,"href":"https:\/\/www.fundacionexe.org.co\/en\/wp-json\/wp\/v2\/comments?post=213654"}],"version-history":[{"count":0,"href":"https:\/\/www.fundacionexe.org.co\/en\/wp-json\/wp\/v2\/pages\/213654\/revisions"}],"up":[{"embeddable":true,"href":"https:\/\/www.fundacionexe.org.co\/en\/wp-json\/wp\/v2\/pages\/213653"}],"wp:attachment":[{"href":"https:\/\/www.fundacionexe.org.co\/en\/wp-json\/wp\/v2\/media?parent=213654"}],"curies":[{"name":"wp","href":"https:\/\/api.w.org\/{rel}","templated":true}]}}