{"id":223790,"date":"2024-10-31T20:10:05","date_gmt":"2024-11-01T01:10:05","guid":{"rendered":"https:\/\/fundacionexe.org.co\/what-we-do-mobilize\/opinion-survey-education-for-teachers\/"},"modified":"2025-02-03T17:01:37","modified_gmt":"2025-02-03T16:01:37","slug":"opinion-survey-education-for-teachers","status":"publish","type":"page","link":"https:\/\/www.fundacionexe.org.co\/en\/what-we-do-mobilize\/opinion-survey-education-for-teachers\/","title":{"rendered":"Opinion Survey Education for Teachers"},"content":{"rendered":"<div class=\"wpb-content-wrapper\"><p>[vc_section full_width=&#8221;stretch_row&#8221; content_placement=&#8221;middle&#8221; fade_in_opacity=&#8221;pix-opacity-1&#8243; pix_over_visibility=&#8221;&#8221; bottom_divider_select=&#8221;18&#8243; b_has_animation=&#8221;true&#8221; b_1_color=&#8221;#f8f9fa&#8221; b_2_animation=&#8221;fade-in-up&#8221; b_3_animation=&#8221;fade-in-up&#8221; pix_overlay_color=&#8221;custom&#8221; pix_overlay_custom_color=&#8221;#15354e&#8221; css=&#8221;.vc_custom_1730402552310{margin-top: -50px !important;padding-top: 100px !important;background-color: #15354e !important;}&#8221; fade_in_intro=&#8221;https:\/\/essentials.pixfort.com\/event\/wp-content\/uploads\/sites\/9\/2020\/05\/event-intro-bg.jpg&#8221; b_custom_height=&#8221;200px&#8221; b_2_delay=&#8221;200&#8243; b_3_delay=&#8221;300&#8243; pix_overlay_opacity=&#8221;0.9&#8243;][vc_row content_placement=&#8221;middle&#8221; pix_dark_mode=&#8221;yes&#8221; pix_particles_check=&#8221;&#8221; css=&#8221;.vc_custom_1707774507398{margin-top: -50px !important;}&#8221;][vc_column content_align=&#8221;text-center&#8221; css=&#8221;.vc_custom_1590278076706{padding-top: 20px !important;padding-bottom: 20px !important;}&#8221;][vc_column_text css=&#8221;&#8221;]<\/p>\n<h3><span style=\"color: #ffffff;\"><strong>Opinion Survey Education <\/strong><\/span><\/h3>\n<h3><span style=\"color: #ffffff;\"><strong>Teachers and School Administrators<\/strong><\/span><\/h3>\n<p>[\/vc_column_text][vc_single_image image=&#8221;213427&#8243; img_size=&#8221;full&#8221;][\/vc_column][\/vc_row][\/vc_section][vc_section full_width=&#8221;stretch_row&#8221; pix_over_visibility=&#8221;&#8221; css=&#8221;.vc_custom_1707778478376{background-color: #ffffff !important;}&#8221;][vc_row pix_particles_check=&#8221;&#8221;][vc_column]<div id=\"el1613521949772-0c712dee-cf78\" class=\"pix-highlighted-element text-center  vc_custom_1730408056876\"><h5 class=\"pix-highlighted-items \" style=\"\" data-anim-type=\"\" data-anim-delay=\"0\"><span id=\"el1613521949772-0c712dee-cf78-0\"  class=\"\"><span   class=\"pix-highlighted-text  pix-highlight-item font-weight-normal  body-font text-heading-default\">The Fundaci\u00f3n Empresarios por la Educaci\u00f3n, in partnership with INVAMER and with the support of Fundaci\u00f3n SURA, Jacobs Foundation, and Fundaci\u00f3n Grupo Bancolombia, presents the results of the Education Opinion Survey conducted in the second half of 2024, targeting public sector teachers and school administrators.<\/span><\/span><\/h5><\/div>[\/vc_column][\/vc_row][vc_row pix_particles_check=&#8221;&#8221;][vc_column]<div id=\"img-3be9d42d5f3fa00189bacc2e6b69fa01\" class=\"pix-img-element d-inline-block \"  ><div class=\"pix-img-el  vc_custom_1738598467871    text-center d-inline-block   rounded-xl\"  ><img loading=\"lazy\" decoding=\"async\" width=\"1921\" height=\"1081\" src=\"https:\/\/www.fundacionexe.org.co\/wp-content\/uploads\/2025\/02\/Mesa-de-trabajo-1_1.jpg\" class=\"pix-img-elem rounded-xl\" alt=\"Image link\" srcset=\"https:\/\/www.fundacionexe.org.co\/wp-content\/uploads\/2025\/02\/Mesa-de-trabajo-1_1.jpg 1921w, https:\/\/www.fundacionexe.org.co\/wp-content\/uploads\/2025\/02\/Mesa-de-trabajo-1_1-300x169.jpg 300w, https:\/\/www.fundacionexe.org.co\/wp-content\/uploads\/2025\/02\/Mesa-de-trabajo-1_1-1024x576.jpg 1024w, https:\/\/www.fundacionexe.org.co\/wp-content\/uploads\/2025\/02\/Mesa-de-trabajo-1_1-768x432.jpg 768w, https:\/\/www.fundacionexe.org.co\/wp-content\/uploads\/2025\/02\/Mesa-de-trabajo-1_1-1536x864.jpg 1536w\" sizes=\"auto, (max-width: 1921px) 100vw, 1921px\" \/><\/div><\/div>[\/vc_column][\/vc_row][vc_row pix_particles_check=&#8221;&#8221;][vc_column width=&#8221;1\/2&#8243;][vc_separator color=&#8221;custom&#8221; el_width=&#8221;40&#8243; css=&#8221;.vc_custom_1731617891852{padding-bottom: -10px !important;}&#8221; accent_color=&#8221;#ffffff&#8221;][vc_column_text css=&#8221;&#8221;]<\/p>\n<h3><strong>Download the national results<\/strong><\/h3>\n<p>[\/vc_column_text][vc_text_separator title=&#8221;&#8221; title_align=&#8221;separator_align_left&#8221; align=&#8221;align_left&#8221; color=&#8221;custom&#8221; border_width=&#8221;2&#8243; el_width=&#8221;80&#8243; css=&#8221;.vc_custom_1731617717411{margin-top: 0px !important;}&#8221; accent_color=&#8221;#15354e&#8221;][\/vc_column][vc_column width=&#8221;1\/2&#8243;][vc_separator color=&#8221;custom&#8221; el_width=&#8221;40&#8243; css=&#8221;.vc_custom_1731617891852{padding-bottom: -10px !important;}&#8221; accent_color=&#8221;#ffffff&#8221;][vc_separator color=&#8221;custom&#8221; el_width=&#8221;40&#8243; css=&#8221;.vc_custom_1731617891852{padding-bottom: -10px !important;}&#8221; accent_color=&#8221;#ffffff&#8221;]<a  href=\"https:\/\/fundacionexe.org.co\/document\/encuesta-de-opinion-en-educacion-docentes-y-docentes-directivos-presentacion\/\" class=\"btn mb-2      btn-line-primary d-inline-flex align-items-center      btn-lg\" target=\"_blank\" rel=\"noopener\"    ><span class=\"font-weight-bold \" >Download presentation<\/span><\/a><a  href=\"https:\/\/fundacionexe.org.co\/document\/eoe-docentes-y-docentes-directivos-base-de-datos-de-resultados\/\" class=\"btn mb-2      btn-line-primary d-inline-flex align-items-center      btn-lg\" target=\"_blank\" rel=\"noopener\"    ><span class=\"font-weight-bold \" >Download results database<\/span><\/a>[\/vc_column][\/vc_row][vc_row pix_particles_check=&#8221;&#8221;][vc_column width=&#8221;1\/2&#8243;][vc_separator color=&#8221;custom&#8221; el_width=&#8221;40&#8243; css=&#8221;.vc_custom_1731617891852{padding-bottom: -10px !important;}&#8221; accent_color=&#8221;#ffffff&#8221;][vc_column_text css=&#8221;&#8221;]<\/p>\n<h3><strong>Download reginal results<\/strong><\/h3>\n<p>[\/vc_column_text][vc_text_separator title=&#8221;&#8221; title_align=&#8221;separator_align_left&#8221; align=&#8221;align_left&#8221; color=&#8221;custom&#8221; border_width=&#8221;2&#8243; el_width=&#8221;80&#8243; css=&#8221;.vc_custom_1731617717411{margin-top: 0px !important;}&#8221; accent_color=&#8221;#15354e&#8221;][\/vc_column][vc_column width=&#8221;1\/2&#8243;][vc_separator color=&#8221;custom&#8221; el_width=&#8221;40&#8243; css=&#8221;.vc_custom_1731617891852{padding-bottom: -10px !important;}&#8221; accent_color=&#8221;#ffffff&#8221;][vc_separator color=&#8221;custom&#8221; el_width=&#8221;40&#8243; css=&#8221;.vc_custom_1731617891852{padding-bottom: -10px !important;}&#8221; accent_color=&#8221;#ffffff&#8221;]<a  href=\"https:\/\/fundacionexe.org.co\/wp-content\/uploads\/2024\/12\/EOE-DDD_ruralidad.pdf\" class=\"btn mb-2      btn-line-primary d-inline-flex align-items-center      btn-lg\" target=\"_blank\" rel=\"noopener\"    ><span class=\"font-weight-bold \" >Urban | Rural<\/span><\/a><a  href=\"https:\/\/fundacionexe.org.co\/wp-content\/uploads\/2024\/12\/OPINIO\u0301N-NACIONAL-EN-MAESTROS-SUROESTE-URABA-29-11-24.pdf\" class=\"btn mb-2      btn-line-primary d-inline-flex align-items-center      btn-lg\" target=\"_blank\" rel=\"noopener\"    ><span class=\"font-weight-bold \" >Medell\u00edn, Antioquia, Suroeste y Urab\u00e1<\/span><\/a>[\/vc_column][\/vc_row][\/vc_section][vc_row full_width=&#8221;stretch_row&#8221; pix_particles_check=&#8221;&#8221;][vc_column][vc_column_text css=&#8221;&#8221;]<iframe style=\"aspect-ratio: 3 \/ 3; max-height: 90vh;\" src=\"https:\/\/app.powerbi.com\/view?r=eyJrIjoiMTc1YmNmNjAtODdlNi00OGU4LWIyMDAtZGE0YjZjNzRmZGNmIiwidCI6IjI5ZjRmZDJmLTdiZjAtNGRjNy05MzUyLTE0MDVkYWFkYmJhNyJ9&amp;pageName=42cd4c1d291c7b262b02\" width=\"100%\" frameborder=\"0\"><\/iframe>[\/vc_column_text][\/vc_column][\/vc_row][vc_row pix_particles_check=&#8221;&#8221;][vc_column width=&#8221;1\/2&#8243;][vc_separator color=&#8221;custom&#8221; el_width=&#8221;40&#8243; css=&#8221;.vc_custom_1731617891852{padding-bottom: -10px !important;}&#8221; accent_color=&#8221;#ffffff&#8221;][vc_column_text css=&#8221;&#8221;]<\/p>\n<h3><strong>Watch the results presentation<\/strong><\/h3>\n<p>[\/vc_column_text][vc_text_separator title=&#8221;&#8221; title_align=&#8221;separator_align_left&#8221; align=&#8221;align_left&#8221; color=&#8221;custom&#8221; border_width=&#8221;2&#8243; el_width=&#8221;80&#8243; css=&#8221;.vc_custom_1731617717411{margin-top: 0px !important;}&#8221; accent_color=&#8221;#15354e&#8221;][\/vc_column][vc_column width=&#8221;1\/2&#8243;][vc_video link=&#8221;https:\/\/www.youtube.com\/watch?v=xGwfV613uwI&#8221; css=&#8221;&#8221;][\/vc_column][\/vc_row]<\/p>\n<\/div>","protected":false},"excerpt":{"rendered":"[vc_section full_width=&#8221;stretch_row&#8221; content_placement=&#8221;middle&#8221; fade_in_opacity=&#8221;pix-opacity-1&#8243; pix_over_visibility=&#8221;&#8221; bottom_divider_select=&#8221;18&#8243; b_has_animation=&#8221;true&#8221; b_1_color=&#8221;#f8f9fa&#8221; b_2_animation=&#8221;fade-in-up&#8221; b_3_animation=&#8221;fade-in-up&#8221; pix_overlay_color=&#8221;custom&#8221; pix_overlay_custom_color=&#8221;#15354e&#8221; css=&#8221;.vc_custom_1730402552310{margin-top: -50px !important;padding-top: 100px !important;background-color: #15354e !important;}&#8221; fade_in_intro=&#8221;https:\/\/essentials.pixfort.com\/event\/wp-content\/uploads\/sites\/9\/2020\/05\/event-intro-bg.jpg&#8221; b_custom_height=&#8221;200px&#8221; b_2_delay=&#8221;200&#8243; b_3_delay=&#8221;300&#8243; pix_overlay_opacity=&#8221;0.9&#8243;][vc_row content_placement=&#8221;middle&#8221; pix_dark_mode=&#8221;yes&#8221; pix_particles_check=&#8221;&#8221; css=&#8221;.vc_custom_1707774507398{margin-top: -50px !important;}&#8221;][vc_column content_align=&#8221;text-center&#8221; css=&#8221;.vc_custom_1590278076706{padding-top: 20px !important;padding-bottom: 20px !important;}&#8221;][vc_column_text css=&#8221;&#8221;] Opinion Survey Education&#8230;","protected":false},"author":884,"featured_media":220388,"parent":218343,"menu_order":0,"comment_status":"closed","ping_status":"closed","template":"","meta":{"footnotes":""},"class_list":["post-223790","page","type-page","status-publish","has-post-thumbnail","hentry"],"yoast_head":"<!-- This site is optimized with the Yoast SEO plugin v27.4 - https:\/\/yoast.com\/product\/yoast-seo-wordpress\/ -->\n<title>Opinion Survey Education for Teachers - Fundaci\u00f3n Empresarios por la Educaci\u00f3n FExE<\/title>\n<meta name=\"robots\" content=\"index, follow, max-snippet:-1, max-image-preview:large, max-video-preview:-1\" \/>\n<link rel=\"canonical\" href=\"https:\/\/www.fundacionexe.org.co\/en\/what-we-do-mobilize\/opinion-survey-education-for-teachers\/\" \/>\n<meta property=\"og:locale\" content=\"en_US\" \/>\n<meta property=\"og:type\" content=\"article\" \/>\n<meta property=\"og:title\" content=\"Opinion Survey Education for Teachers - Fundaci\u00f3n Empresarios por la Educaci\u00f3n FExE\" \/>\n<meta property=\"og:description\" content=\"[vc_section full_width=&#8221;stretch_row&#8221; content_placement=&#8221;middle&#8221; fade_in_opacity=&#8221;pix-opacity-1&#8243; pix_over_visibility=&#8221;&#8221; bottom_divider_select=&#8221;18&#8243; b_has_animation=&#8221;true&#8221; b_1_color=&#8221;#f8f9fa&#8221; b_2_animation=&#8221;fade-in-up&#8221; b_3_animation=&#8221;fade-in-up&#8221; pix_overlay_color=&#8221;custom&#8221; pix_overlay_custom_color=&#8221;#15354e&#8221; css=&#8221;.vc_custom_1730402552310{margin-top: -50px !important;padding-top: 100px !important;background-color: #15354e !important;}&#8221; fade_in_intro=&#8221;https:\/\/essentials.pixfort.com\/event\/wp-content\/uploads\/sites\/9\/2020\/05\/event-intro-bg.jpg&#8221; b_custom_height=&#8221;200px&#8221; b_2_delay=&#8221;200&#8243; b_3_delay=&#8221;300&#8243; pix_overlay_opacity=&#8221;0.9&#8243;][vc_row content_placement=&#8221;middle&#8221; pix_dark_mode=&#8221;yes&#8221; pix_particles_check=&#8221;&#8221; css=&#8221;.vc_custom_1707774507398{margin-top: -50px !important;}&#8221;][vc_column content_align=&#8221;text-center&#8221; css=&#8221;.vc_custom_1590278076706{padding-top: 20px !important;padding-bottom: 20px !important;}&#8221;][vc_column_text css=&#8221;&#8221;] Opinion Survey Education...\" \/>\n<meta property=\"og:url\" content=\"https:\/\/www.fundacionexe.org.co\/en\/what-we-do-mobilize\/opinion-survey-education-for-teachers\/\" \/>\n<meta property=\"og:site_name\" content=\"Fundaci\u00f3n Empresarios por la Educaci\u00f3n FExE\" \/>\n<meta property=\"article:modified_time\" content=\"2025-02-03T16:01:37+00:00\" \/>\n<meta property=\"og:image\" content=\"https:\/\/www.fundacionexe.org.co\/wp-content\/uploads\/2024\/03\/Invitacio\u0301n-whatsapp-100.jpg\" \/>\n\t<meta property=\"og:image:width\" content=\"1000\" \/>\n\t<meta property=\"og:image:height\" content=\"1001\" \/>\n\t<meta property=\"og:image:type\" content=\"image\/jpeg\" \/>\n<meta name=\"twitter:card\" content=\"summary_large_image\" \/>\n<meta name=\"twitter:label1\" content=\"Est. reading time\" \/>\n\t<meta name=\"twitter:data1\" content=\"4 minutes\" \/>\n<script type=\"application\/ld+json\" class=\"yoast-schema-graph\">{\"@context\":\"https:\\\/\\\/schema.org\",\"@graph\":[{\"@type\":\"WebPage\",\"@id\":\"https:\\\/\\\/www.fundacionexe.org.co\\\/en\\\/what-we-do-mobilize\\\/opinion-survey-education-for-teachers\\\/\",\"url\":\"https:\\\/\\\/www.fundacionexe.org.co\\\/en\\\/what-we-do-mobilize\\\/opinion-survey-education-for-teachers\\\/\",\"name\":\"Opinion Survey Education for Teachers - Fundaci\u00f3n Empresarios por la Educaci\u00f3n FExE\",\"isPartOf\":{\"@id\":\"https:\\\/\\\/cajadeherramientas.fundacionexe.org.co\\\/#website\"},\"primaryImageOfPage\":{\"@id\":\"https:\\\/\\\/www.fundacionexe.org.co\\\/en\\\/what-we-do-mobilize\\\/opinion-survey-education-for-teachers\\\/#primaryimage\"},\"image\":{\"@id\":\"https:\\\/\\\/www.fundacionexe.org.co\\\/en\\\/what-we-do-mobilize\\\/opinion-survey-education-for-teachers\\\/#primaryimage\"},\"thumbnailUrl\":\"https:\\\/\\\/www.fundacionexe.org.co\\\/wp-content\\\/uploads\\\/2024\\\/03\\\/Invitacio\u0301n-whatsapp-100.jpg\",\"datePublished\":\"2024-11-01T01:10:05+00:00\",\"dateModified\":\"2025-02-03T16:01:37+00:00\",\"breadcrumb\":{\"@id\":\"https:\\\/\\\/www.fundacionexe.org.co\\\/en\\\/what-we-do-mobilize\\\/opinion-survey-education-for-teachers\\\/#breadcrumb\"},\"inLanguage\":\"en-US\",\"potentialAction\":[{\"@type\":\"ReadAction\",\"target\":[\"https:\\\/\\\/www.fundacionexe.org.co\\\/en\\\/what-we-do-mobilize\\\/opinion-survey-education-for-teachers\\\/\"]}]},{\"@type\":\"ImageObject\",\"inLanguage\":\"en-US\",\"@id\":\"https:\\\/\\\/www.fundacionexe.org.co\\\/en\\\/what-we-do-mobilize\\\/opinion-survey-education-for-teachers\\\/#primaryimage\",\"url\":\"https:\\\/\\\/www.fundacionexe.org.co\\\/wp-content\\\/uploads\\\/2024\\\/03\\\/Invitacio\u0301n-whatsapp-100.jpg\",\"contentUrl\":\"https:\\\/\\\/www.fundacionexe.org.co\\\/wp-content\\\/uploads\\\/2024\\\/03\\\/Invitacio\u0301n-whatsapp-100.jpg\",\"width\":1000,\"height\":1001},{\"@type\":\"BreadcrumbList\",\"@id\":\"https:\\\/\\\/www.fundacionexe.org.co\\\/en\\\/what-we-do-mobilize\\\/opinion-survey-education-for-teachers\\\/#breadcrumb\",\"itemListElement\":[{\"@type\":\"ListItem\",\"position\":1,\"name\":\"Portada\",\"item\":\"https:\\\/\\\/prod.fundacionexe.org.co\\\/en\\\/\"},{\"@type\":\"ListItem\",\"position\":2,\"name\":\"What We Do &#8211; Mobilize\",\"item\":\"https:\\\/\\\/www.fundacionexe.org.co\\\/en\\\/what-we-do-mobilize\\\/\"},{\"@type\":\"ListItem\",\"position\":3,\"name\":\"Opinion Survey Education for Teachers\"}]},{\"@type\":\"WebSite\",\"@id\":\"https:\\\/\\\/cajadeherramientas.fundacionexe.org.co\\\/#website\",\"url\":\"https:\\\/\\\/cajadeherramientas.fundacionexe.org.co\\\/\",\"name\":\"Fundaci\u00f3n Empresarios por la Educaci\u00f3n FExE\",\"description\":\"Red de conocimiento independiente. Sumamos con informaci\u00f3n y evidencia para que Colombia d\u00e9 un salto en educaci\u00f3n de calidad.\",\"potentialAction\":[{\"@type\":\"SearchAction\",\"target\":{\"@type\":\"EntryPoint\",\"urlTemplate\":\"https:\\\/\\\/cajadeherramientas.fundacionexe.org.co\\\/?s={search_term_string}\"},\"query-input\":{\"@type\":\"PropertyValueSpecification\",\"valueRequired\":true,\"valueName\":\"search_term_string\"}}],\"inLanguage\":\"en-US\"}]}<\/script>\n<!-- \/ Yoast SEO plugin. -->","yoast_head_json":{"title":"Opinion Survey Education for Teachers - Fundaci\u00f3n Empresarios por la Educaci\u00f3n FExE","robots":{"index":"index","follow":"follow","max-snippet":"max-snippet:-1","max-image-preview":"max-image-preview:large","max-video-preview":"max-video-preview:-1"},"canonical":"https:\/\/www.fundacionexe.org.co\/en\/what-we-do-mobilize\/opinion-survey-education-for-teachers\/","og_locale":"en_US","og_type":"article","og_title":"Opinion Survey Education for Teachers - Fundaci\u00f3n Empresarios por la Educaci\u00f3n FExE","og_description":"[vc_section full_width=&#8221;stretch_row&#8221; content_placement=&#8221;middle&#8221; fade_in_opacity=&#8221;pix-opacity-1&#8243; pix_over_visibility=&#8221;&#8221; bottom_divider_select=&#8221;18&#8243; b_has_animation=&#8221;true&#8221; b_1_color=&#8221;#f8f9fa&#8221; b_2_animation=&#8221;fade-in-up&#8221; b_3_animation=&#8221;fade-in-up&#8221; pix_overlay_color=&#8221;custom&#8221; pix_overlay_custom_color=&#8221;#15354e&#8221; css=&#8221;.vc_custom_1730402552310{margin-top: -50px !important;padding-top: 100px !important;background-color: #15354e !important;}&#8221; fade_in_intro=&#8221;https:\/\/essentials.pixfort.com\/event\/wp-content\/uploads\/sites\/9\/2020\/05\/event-intro-bg.jpg&#8221; b_custom_height=&#8221;200px&#8221; b_2_delay=&#8221;200&#8243; b_3_delay=&#8221;300&#8243; pix_overlay_opacity=&#8221;0.9&#8243;][vc_row content_placement=&#8221;middle&#8221; pix_dark_mode=&#8221;yes&#8221; pix_particles_check=&#8221;&#8221; css=&#8221;.vc_custom_1707774507398{margin-top: -50px !important;}&#8221;][vc_column content_align=&#8221;text-center&#8221; css=&#8221;.vc_custom_1590278076706{padding-top: 20px !important;padding-bottom: 20px !important;}&#8221;][vc_column_text css=&#8221;&#8221;] Opinion Survey Education...","og_url":"https:\/\/www.fundacionexe.org.co\/en\/what-we-do-mobilize\/opinion-survey-education-for-teachers\/","og_site_name":"Fundaci\u00f3n Empresarios por la Educaci\u00f3n FExE","article_modified_time":"2025-02-03T16:01:37+00:00","og_image":[{"width":1000,"height":1001,"url":"https:\/\/www.fundacionexe.org.co\/wp-content\/uploads\/2024\/03\/Invitacio\u0301n-whatsapp-100.jpg","type":"image\/jpeg"}],"twitter_card":"summary_large_image","twitter_misc":{"Est. reading time":"4 minutes"},"schema":{"@context":"https:\/\/schema.org","@graph":[{"@type":"WebPage","@id":"https:\/\/www.fundacionexe.org.co\/en\/what-we-do-mobilize\/opinion-survey-education-for-teachers\/","url":"https:\/\/www.fundacionexe.org.co\/en\/what-we-do-mobilize\/opinion-survey-education-for-teachers\/","name":"Opinion Survey Education for Teachers - Fundaci\u00f3n Empresarios por la Educaci\u00f3n FExE","isPartOf":{"@id":"https:\/\/cajadeherramientas.fundacionexe.org.co\/#website"},"primaryImageOfPage":{"@id":"https:\/\/www.fundacionexe.org.co\/en\/what-we-do-mobilize\/opinion-survey-education-for-teachers\/#primaryimage"},"image":{"@id":"https:\/\/www.fundacionexe.org.co\/en\/what-we-do-mobilize\/opinion-survey-education-for-teachers\/#primaryimage"},"thumbnailUrl":"https:\/\/www.fundacionexe.org.co\/wp-content\/uploads\/2024\/03\/Invitacio\u0301n-whatsapp-100.jpg","datePublished":"2024-11-01T01:10:05+00:00","dateModified":"2025-02-03T16:01:37+00:00","breadcrumb":{"@id":"https:\/\/www.fundacionexe.org.co\/en\/what-we-do-mobilize\/opinion-survey-education-for-teachers\/#breadcrumb"},"inLanguage":"en-US","potentialAction":[{"@type":"ReadAction","target":["https:\/\/www.fundacionexe.org.co\/en\/what-we-do-mobilize\/opinion-survey-education-for-teachers\/"]}]},{"@type":"ImageObject","inLanguage":"en-US","@id":"https:\/\/www.fundacionexe.org.co\/en\/what-we-do-mobilize\/opinion-survey-education-for-teachers\/#primaryimage","url":"https:\/\/www.fundacionexe.org.co\/wp-content\/uploads\/2024\/03\/Invitacio\u0301n-whatsapp-100.jpg","contentUrl":"https:\/\/www.fundacionexe.org.co\/wp-content\/uploads\/2024\/03\/Invitacio\u0301n-whatsapp-100.jpg","width":1000,"height":1001},{"@type":"BreadcrumbList","@id":"https:\/\/www.fundacionexe.org.co\/en\/what-we-do-mobilize\/opinion-survey-education-for-teachers\/#breadcrumb","itemListElement":[{"@type":"ListItem","position":1,"name":"Portada","item":"https:\/\/prod.fundacionexe.org.co\/en\/"},{"@type":"ListItem","position":2,"name":"What We Do &#8211; Mobilize","item":"https:\/\/www.fundacionexe.org.co\/en\/what-we-do-mobilize\/"},{"@type":"ListItem","position":3,"name":"Opinion Survey Education for Teachers"}]},{"@type":"WebSite","@id":"https:\/\/cajadeherramientas.fundacionexe.org.co\/#website","url":"https:\/\/cajadeherramientas.fundacionexe.org.co\/","name":"Fundaci\u00f3n Empresarios por la Educaci\u00f3n FExE","description":"Red de conocimiento independiente. Sumamos con informaci\u00f3n y evidencia para que Colombia d\u00e9 un salto en educaci\u00f3n de calidad.","potentialAction":[{"@type":"SearchAction","target":{"@type":"EntryPoint","urlTemplate":"https:\/\/cajadeherramientas.fundacionexe.org.co\/?s={search_term_string}"},"query-input":{"@type":"PropertyValueSpecification","valueRequired":true,"valueName":"search_term_string"}}],"inLanguage":"en-US"}]}},"_links":{"self":[{"href":"https:\/\/www.fundacionexe.org.co\/en\/wp-json\/wp\/v2\/pages\/223790","targetHints":{"allow":["GET"]}}],"collection":[{"href":"https:\/\/www.fundacionexe.org.co\/en\/wp-json\/wp\/v2\/pages"}],"about":[{"href":"https:\/\/www.fundacionexe.org.co\/en\/wp-json\/wp\/v2\/types\/page"}],"author":[{"embeddable":true,"href":"https:\/\/www.fundacionexe.org.co\/en\/wp-json\/wp\/v2\/users\/884"}],"replies":[{"embeddable":true,"href":"https:\/\/www.fundacionexe.org.co\/en\/wp-json\/wp\/v2\/comments?post=223790"}],"version-history":[{"count":2,"href":"https:\/\/www.fundacionexe.org.co\/en\/wp-json\/wp\/v2\/pages\/223790\/revisions"}],"predecessor-version":[{"id":223944,"href":"https:\/\/www.fundacionexe.org.co\/en\/wp-json\/wp\/v2\/pages\/223790\/revisions\/223944"}],"up":[{"embeddable":true,"href":"https:\/\/www.fundacionexe.org.co\/en\/wp-json\/wp\/v2\/pages\/218343"}],"wp:featuredmedia":[{"embeddable":true,"href":"https:\/\/www.fundacionexe.org.co\/en\/wp-json\/wp\/v2\/media\/220388"}],"wp:attachment":[{"href":"https:\/\/www.fundacionexe.org.co\/en\/wp-json\/wp\/v2\/media?parent=223790"}],"curies":[{"name":"wp","href":"https:\/\/api.w.org\/{rel}","templated":true}]}}